{"id":2634,"date":"2020-11-29T19:17:35","date_gmt":"2020-11-29T19:17:35","guid":{"rendered":"https:\/\/kimarotec.net\/?page_id=2634"},"modified":"2020-11-29T23:32:01","modified_gmt":"2020-11-29T23:32:01","slug":"developpement-de-site-web-taxi-limo-systeme-de-reservation-en-ligne-wordpress","status":"publish","type":"page","link":"https:\/\/kimarotec.net\/fr\/developpement-de-site-web-taxi-limo-systeme-de-reservation-en-ligne-wordpress\/","title":{"rendered":"D\u00e9veloppement de site Web Taxi &#038; Limo + Syst\u00e8me de r\u00e9servation en ligne (WordPress)"},"content":{"rendered":"<div class=\"wpb-content-wrapper\"><p>[vc_row full_width=&#8221;stretch_row_content&#8221; full_height=&#8221;yes&#8221; css=&#8221;.vc_custom_1605876865180{padding-top: 25px !important;padding-bottom: 25px !important;background-color: #6360ed !important;background-position: center !important;background-repeat: no-repeat !important;background-size: cover !important;}&#8221; el_class=&#8221;section&#8221;][vc_column el_class=&#8221;container&#8221;][vc_row_inner content_placement=&#8221;middle&#8221;][vc_column_inner][vc_single_image image=&#8221;1888&#8243; img_size=&#8221;full&#8221; alignment=&#8221;center&#8221;][vc_custom_heading text=&#8221;Taxi &amp; Limo website development + Online booking System (WordPress)&#8221; font_container=&#8221;tag:h1|text_align:center|color:%23ffffff&#8221; use_theme_fonts=&#8221;yes&#8221;][vc_column_text el_class=&#8221;white&#8221;]<\/p>\n<p style=\"text-align: center;\">Taxi &amp; Limo business has been growing in leaps and bounds, KimaroTec is designed with cutting edge technology to make our client go to market in No time.<br \/>\nApp is packed with awesome features to assist you with the best Taxi &amp; Limo flow in the market.<\/p>\n<p>[\/vc_column_text][\/vc_column_inner][\/vc_row_inner][\/vc_column][\/vc_row][vc_row full_width=&#8221;stretch_row_content&#8221; content_placement=&#8221;middle&#8221; css=&#8221;.vc_custom_1605961662151{padding-top: 35px !important;padding-bottom: 35px !important;background-position: center !important;background-repeat: no-repeat !important;background-size: cover !important;}&#8221; el_class=&#8221;clear section&#8221;][vc_column el_class=&#8221;container&#8221;][vc_custom_heading text=&#8221;Taxi &amp; Limo booking system main features&#8221; font_container=&#8221;tag:h2|text_align:center&#8221; use_theme_fonts=&#8221;yes&#8221; css=&#8221;.vc_custom_1605964715919{padding-top: 25px !important;padding-bottom: 25px !important;}&#8221;][vc_row_inner css=&#8221;.vc_custom_1605961724672{margin-top: -10px !important;}&#8221; el_class=&#8221;clear&#8221;][vc_column_inner width=&#8221;1\/4&#8243;][vc_single_image image=&#8221;660&#8243; img_size=&#8221;full&#8221; alignment=&#8221;center&#8221;][vc_column_text]<\/p>\n<h4>BUILT WITH BOOTSTRAP<\/h4>\n<p>[\/vc_column_text][\/vc_column_inner][vc_column_inner width=&#8221;1\/4&#8243;][vc_single_image image=&#8221;1543&#8243; img_size=&#8221;full&#8221; alignment=&#8221;center&#8221;][vc_column_text]<\/p>\n<h4>CUSTOM PRICE PER DISTANCE RANGE<\/h4>\n<p>[\/vc_column_text][\/vc_column_inner][vc_column_inner width=&#8221;1\/4&#8243;][vc_single_image image=&#8221;667&#8243; img_size=&#8221;full&#8221; alignment=&#8221;center&#8221;][vc_column_text]<\/p>\n<h4>TARGETED AIRPORT DROP DOWN<\/h4>\n<p>[\/vc_column_text][\/vc_column_inner][vc_column_inner width=&#8221;1\/4&#8243;][vc_single_image image=&#8221;678&#8243; img_size=&#8221;full&#8221; alignment=&#8221;center&#8221;][vc_column_text]<\/p>\n<h4>NIGHT PRICE , DAY PRICE<\/h4>\n<p>[\/vc_column_text][\/vc_column_inner][\/vc_row_inner][vc_row_inner css=&#8221;.vc_custom_1605961729161{margin-top: -10px !important;}&#8221; el_class=&#8221;clear&#8221;][vc_column_inner width=&#8221;1\/4&#8243;][vc_single_image image=&#8221;664&#8243; img_size=&#8221;full&#8221; alignment=&#8221;center&#8221;][vc_column_text]<\/p>\n<h4>ONLINE PAYMENT USING PAYPAL<\/h4>\n<p>[\/vc_column_text][\/vc_column_inner][vc_column_inner width=&#8221;1\/4&#8243;][vc_single_image image=&#8221;665&#8243; img_size=&#8221;full&#8221; alignment=&#8221;center&#8221;][vc_column_text]<\/p>\n<h4>ONLINE PAYMENT USING STRIPE<\/h4>\n<p>[\/vc_column_text][\/vc_column_inner][vc_column_inner width=&#8221;1\/4&#8243;][vc_single_image image=&#8221;669&#8243; img_size=&#8221;full&#8221; alignment=&#8221;center&#8221;][vc_column_text]<\/p>\n<h4>EMAIL &amp; SMS NOTIFICATION<\/h4>\n<p>[\/vc_column_text][\/vc_column_inner][vc_column_inner width=&#8221;1\/4&#8243;][vc_single_image image=&#8221;667&#8243; img_size=&#8221;full&#8221; alignment=&#8221;center&#8221;][vc_column_text]<\/p>\n<h4>EXTENSIVE THEME OPTIONS<\/h4>\n<p>[\/vc_column_text][\/vc_column_inner][\/vc_row_inner][vc_row_inner css=&#8221;.vc_custom_1605961739095{margin-top: -10px !important;}&#8221; el_class=&#8221;clear&#8221;][vc_column_inner width=&#8221;1\/4&#8243;][vc_single_image image=&#8221;659&#8243; img_size=&#8221;full&#8221; alignment=&#8221;center&#8221;][vc_column_text]<\/p>\n<h4>Taxi &amp; Limo ALGORITHM<\/h4>\n<p>[\/vc_column_text][\/vc_column_inner][vc_column_inner width=&#8221;1\/4&#8243;][vc_single_image image=&#8221;661&#8243; img_size=&#8221;full&#8221; alignment=&#8221;center&#8221;][vc_column_text]<\/p>\n<h4>SEO OPTIMIZED<\/h4>\n<p>[\/vc_column_text][\/vc_column_inner][vc_column_inner width=&#8221;1\/4&#8243;][vc_single_image image=&#8221;668&#8243; img_size=&#8221;full&#8221; alignment=&#8221;center&#8221;][vc_column_text]<\/p>\n<h4>GOOGLE AUTO-COMPLETE<\/h4>\n<p>[\/vc_column_text][\/vc_column_inner][vc_column_inner width=&#8221;1\/4&#8243;][vc_single_image image=&#8221;647&#8243; img_size=&#8221;full&#8221; alignment=&#8221;center&#8221;][vc_column_text]<\/p>\n<h4>RESPONSIVE DESIGN (MOBILE , TABLET)<\/h4>\n<p>[\/vc_column_text][\/vc_column_inner][\/vc_row_inner][vc_row_inner css=&#8221;.vc_custom_1605961744143{margin-top: -10px !important;}&#8221; el_class=&#8221;clear&#8221;][vc_column_inner width=&#8221;1\/4&#8243;][vc_single_image image=&#8221;658&#8243; img_size=&#8221;full&#8221; alignment=&#8221;center&#8221;][vc_column_text]<\/p>\n<h4>TRANSLATION READY<\/h4>\n<p>[\/vc_column_text][\/vc_column_inner][vc_column_inner width=&#8221;1\/4&#8243;][vc_single_image image=&#8221;649&#8243; img_size=&#8221;full&#8221; alignment=&#8221;center&#8221;][vc_column_text]<\/p>\n<h4>DISPATCHING SYSTEM<\/h4>\n<p>[\/vc_column_text][\/vc_column_inner][vc_column_inner width=&#8221;1\/4&#8243;][vc_single_image image=&#8221;663&#8243; img_size=&#8221;full&#8221; alignment=&#8221;center&#8221;][vc_column_text]<\/p>\n<h4>EXTENSIVE DOCUMENTATION<\/h4>\n<p>[\/vc_column_text][\/vc_column_inner][vc_column_inner width=&#8221;1\/4&#8243;][vc_single_image image=&#8221;657&#8243; img_size=&#8221;full&#8221; alignment=&#8221;center&#8221;][vc_column_text]<\/p>\n<h4>SUPPORT YOU&#8217;LL LOVE!<\/h4>\n<p>[\/vc_column_text][\/vc_column_inner][\/vc_row_inner][vc_row_inner css=&#8221;.vc_custom_1605964385570{padding-top: 25px !important;padding-bottom: 25px !important;}&#8221;][vc_column_inner width=&#8221;1\/6&#8243;][\/vc_column_inner][vc_column_inner width=&#8221;2\/3&#8243;][vc_custom_heading text=&#8221;Taxi &amp; Limo booking system mobile view&#8221; font_container=&#8221;tag:h2|text_align:center&#8221; use_theme_fonts=&#8221;yes&#8221; css=&#8221;.vc_custom_1605964727439{padding-top: 25px !important;padding-bottom: 25px !important;}&#8221;][vc_images_carousel images=&#8221;676,682,689,641,687&#8243; img_size=&#8221;full&#8221; slides_per_view=&#8221;4&#8243;][\/vc_column_inner][vc_column_inner width=&#8221;1\/6&#8243;][\/vc_column_inner][\/vc_row_inner][\/vc_column][\/vc_row][vc_row full_width=&#8221;stretch_row_content&#8221; content_placement=&#8221;middle&#8221; css=&#8221;.vc_custom_1605965182114{padding-top: 25px !important;padding-bottom: 25px !important;background-color: #f4f4f4 !important;background-position: center !important;background-repeat: no-repeat !important;background-size: cover !important;}&#8221; el_class=&#8221;section&#8221;][vc_column el_class=&#8221;container&#8221;][vc_row_inner content_placement=&#8221;middle&#8221;][vc_column_inner width=&#8221;1\/2&#8243;][vc_single_image image=&#8221;1501&#8243; img_size=&#8221;full&#8221; alignment=&#8221;center&#8221;][\/vc_column_inner][vc_column_inner width=&#8221;1\/2&#8243;][vc_column_text]<\/p>\n<h3>Taxi &amp; Limo website with online booking System<\/h3>\n<p>Are you looking for reputable <strong>Taxi &amp; Limo software<\/strong> for your Taxi &amp; Limo business? Do you want a custom <strong>Taxi &amp; Limo booking software<\/strong> developed for you? Do not stress out; you have come to the right place. KimaroTec Solutions presents to you the state-of-the-art <strong>Taxi &amp; Limo website<\/strong> with Online booking System that enables a seamless connection between your customers and their Taxi &amp; Limo services.[\/vc_column_text][\/vc_column_inner][\/vc_row_inner][\/vc_column][\/vc_row][vc_row full_width=&#8221;stretch_row_content&#8221; content_placement=&#8221;middle&#8221; css=&#8221;.vc_custom_1605965170650{padding-top: 25px !important;padding-bottom: 25px !important;background-position: center !important;background-repeat: no-repeat !important;background-size: cover !important;}&#8221; el_class=&#8221;section&#8221;][vc_column el_class=&#8221;container&#8221;][vc_row_inner content_placement=&#8221;middle&#8221;][vc_column_inner width=&#8221;1\/2&#8243;][vc_column_text]<\/p>\n<h3 class=\"entry-title\">Front End and Back End Page Builder<\/h3>\n<p>All our theme pages are build with Visual composer , you can easy manage your content easily with intuitive WordPress Front end editor. No programming knowledge required \u2013 create stunning and beautiful pages with award winning drag and drop builder.[\/vc_column_text][\/vc_column_inner][vc_column_inner width=&#8221;1\/2&#8243;][vc_single_image image=&#8221;638&#8243; img_size=&#8221;600&#215;400&#8243; alignment=&#8221;center&#8221;][\/vc_column_inner][\/vc_row_inner][\/vc_column][\/vc_row][vc_row full_width=&#8221;stretch_row_content&#8221; content_placement=&#8221;middle&#8221; css=&#8221;.vc_custom_1605965182114{padding-top: 25px !important;padding-bottom: 25px !important;background-color: #f4f4f4 !important;background-position: center !important;background-repeat: no-repeat !important;background-size: cover !important;}&#8221; el_class=&#8221;section&#8221;][vc_column el_class=&#8221;container&#8221;][vc_row_inner content_placement=&#8221;middle&#8221;][vc_column_inner width=&#8221;1\/2&#8243;][vc_single_image image=&#8221;2416&#8243; img_size=&#8221;600&#215;400&#8243; alignment=&#8221;center&#8221;][\/vc_column_inner][vc_column_inner width=&#8221;1\/2&#8243;][vc_column_text]<\/p>\n<h3 class=\"entry-title\">Web dispatch System<\/h3>\n<p>Our web-based dispatch system is capable of handling a booking that starts from Passenger to Driver who completes the Job. It allows the dispatcher to dispatch the jobs to the driver, check a booking, invoicing passengers keep a record of earning, manage a fleet, and finally paying to the driver.[\/vc_column_text][\/vc_column_inner][\/vc_row_inner][\/vc_column][\/vc_row][vc_row full_width=&#8221;stretch_row_content&#8221; content_placement=&#8221;middle&#8221; css=&#8221;.vc_custom_1605965162858{padding-top: 25px !important;padding-bottom: 25px !important;background-color: #41a2cd !important;background-position: center !important;background-repeat: no-repeat !important;background-size: cover !important;}&#8221; el_class=&#8221;section&#8221;][vc_column el_class=&#8221;container&#8221;][vc_row_inner content_placement=&#8221;middle&#8221;][vc_column_inner width=&#8221;1\/2&#8243;][vc_single_image image=&#8221;637&#8243; img_size=&#8221;full&#8221; alignment=&#8221;center&#8221;][\/vc_column_inner][vc_column_inner el_class=&#8221;white&#8221; width=&#8221;1\/2&#8243;][vc_column_text]<\/p>\n<h2 class=\"entry-title\">Woo-commerce Integration<\/h2>\n<p>All our Taxi &amp; Limo websites fully integrated with Woo-commerce Plugin , this will allow you to use all Woo-commerce features in your website gateways , invoicing , emails notification &#8230;[\/vc_column_text][\/vc_column_inner][\/vc_row_inner][\/vc_column][\/vc_row]<\/p>\n<\/div>","protected":false},"excerpt":{"rendered":"<p>[vc_row full_width=&#8221;stretch_row_content&#8221; full_height=&#8221;yes&#8221; css=&#8221;.vc_custom_1605876865180{padding-top: 25px !important;padding-bottom: 25px !important;background-color: #6360ed !important;background-position: center !important;background-repeat: no-repeat !important;background-size: cover !important;}&#8221; el_class=&#8221;section&#8221;][vc_column el_class=&#8221;container&#8221;][vc_row_inner content_placement=&#8221;middle&#8221;][vc_column_inner][vc_single_image image=&#8221;1888&#8243; img_size=&#8221;full&#8221; alignment=&#8221;center&#8221;][vc_custom_heading text=&#8221;Taxi &amp; Limo website development + Online booking System (WordPress)&#8221; font_container=&#8221;tag:h1|text_align:center|color:%23ffffff&#8221; use_theme_fonts=&#8221;yes&#8221;][vc_column_text el_class=&#8221;white&#8221;] Taxi &amp; Limo business has been growing in leaps and bounds, KimaroTec is designed with cutting edge technology to make [&hellip;]<\/p>\n","protected":false},"author":4,"featured_media":0,"parent":0,"menu_order":0,"comment_status":"closed","ping_status":"closed","template":"","meta":{"_joinchat":[],"footnotes":""},"class_list":["post-2634","page","type-page","status-publish","hentry"],"yoast_head":"<!-- This site is optimized with the Yoast SEO plugin v27.3 - https:\/\/yoast.com\/product\/yoast-seo-wordpress\/ -->\n<title>D\u00e9veloppement de site Web Taxi &amp; Limo + Syst\u00e8me de r\u00e9servation en ligne (WordPress) - KimaroTec<\/title>\n<meta name=\"robots\" content=\"index, follow, max-snippet:-1, max-image-preview:large, max-video-preview:-1\" \/>\n<link rel=\"canonical\" href=\"https:\/\/kimarotec.net\/fr\/developpement-de-site-web-taxi-limo-systeme-de-reservation-en-ligne-wordpress\/\" \/>\n<meta property=\"og:locale\" content=\"fr_FR\" \/>\n<meta property=\"og:type\" content=\"article\" \/>\n<meta property=\"og:title\" content=\"D\u00e9veloppement de site Web Taxi &amp; Limo + Syst\u00e8me de r\u00e9servation en ligne (WordPress) - KimaroTec\" \/>\n<meta property=\"og:description\" content=\"[vc_row full_width=&#8221;stretch_row_content&#8221; full_height=&#8221;yes&#8221; css=&#8221;.vc_custom_1605876865180{padding-top: 25px !important;padding-bottom: 25px !important;background-color: #6360ed !important;background-position: center !important;background-repeat: no-repeat !important;background-size: cover !important;}&#8221; el_class=&#8221;section&#8221;][vc_column el_class=&#8221;container&#8221;][vc_row_inner content_placement=&#8221;middle&#8221;][vc_column_inner][vc_single_image image=&#8221;1888&#8243; img_size=&#8221;full&#8221; alignment=&#8221;center&#8221;][vc_custom_heading text=&#8221;Taxi &amp; Limo website development + Online booking System (WordPress)&#8221; font_container=&#8221;tag:h1|text_align:center|color:%23ffffff&#8221; use_theme_fonts=&#8221;yes&#8221;][vc_column_text el_class=&#8221;white&#8221;] Taxi &amp; Limo business has been growing in leaps and bounds, KimaroTec is designed with cutting edge technology to make [&hellip;]\" \/>\n<meta property=\"og:url\" content=\"https:\/\/kimarotec.net\/fr\/developpement-de-site-web-taxi-limo-systeme-de-reservation-en-ligne-wordpress\/\" \/>\n<meta property=\"og:site_name\" content=\"KimaroTec\" \/>\n<meta property=\"article:publisher\" content=\"https:\/\/web.facebook.com\/kimaroTec\/\" \/>\n<meta property=\"article:modified_time\" content=\"2020-11-29T23:32:01+00:00\" \/>\n<meta name=\"twitter:card\" content=\"summary_large_image\" \/>\n<meta name=\"twitter:label1\" content=\"Dur\u00e9e de lecture estim\u00e9e\" \/>\n\t<meta name=\"twitter:data1\" content=\"6 minutes\" \/>\n<!-- \/ Yoast SEO plugin. -->","yoast_head_json":{"title":"D\u00e9veloppement de site Web Taxi & Limo + Syst\u00e8me de r\u00e9servation en ligne (WordPress) - KimaroTec","robots":{"index":"index","follow":"follow","max-snippet":"max-snippet:-1","max-image-preview":"max-image-preview:large","max-video-preview":"max-video-preview:-1"},"canonical":"https:\/\/kimarotec.net\/fr\/developpement-de-site-web-taxi-limo-systeme-de-reservation-en-ligne-wordpress\/","og_locale":"fr_FR","og_type":"article","og_title":"D\u00e9veloppement de site Web Taxi & Limo + Syst\u00e8me de r\u00e9servation en ligne (WordPress) - KimaroTec","og_description":"[vc_row full_width=&#8221;stretch_row_content&#8221; full_height=&#8221;yes&#8221; css=&#8221;.vc_custom_1605876865180{padding-top: 25px !important;padding-bottom: 25px !important;background-color: #6360ed !important;background-position: center !important;background-repeat: no-repeat !important;background-size: cover !important;}&#8221; el_class=&#8221;section&#8221;][vc_column el_class=&#8221;container&#8221;][vc_row_inner content_placement=&#8221;middle&#8221;][vc_column_inner][vc_single_image image=&#8221;1888&#8243; img_size=&#8221;full&#8221; alignment=&#8221;center&#8221;][vc_custom_heading text=&#8221;Taxi &amp; Limo website development + Online booking System (WordPress)&#8221; font_container=&#8221;tag:h1|text_align:center|color:%23ffffff&#8221; use_theme_fonts=&#8221;yes&#8221;][vc_column_text el_class=&#8221;white&#8221;] Taxi &amp; Limo business has been growing in leaps and bounds, KimaroTec is designed with cutting edge technology to make [&hellip;]","og_url":"https:\/\/kimarotec.net\/fr\/developpement-de-site-web-taxi-limo-systeme-de-reservation-en-ligne-wordpress\/","og_site_name":"KimaroTec","article_publisher":"https:\/\/web.facebook.com\/kimaroTec\/","article_modified_time":"2020-11-29T23:32:01+00:00","twitter_card":"summary_large_image","twitter_misc":{"Dur\u00e9e de lecture estim\u00e9e":"6 minutes"},"schema":{"@context":"https:\/\/schema.org","@graph":[{"@type":"WebPage","@id":"https:\/\/kimarotec.net\/fr\/developpement-de-site-web-taxi-limo-systeme-de-reservation-en-ligne-wordpress\/","url":"https:\/\/kimarotec.net\/fr\/developpement-de-site-web-taxi-limo-systeme-de-reservation-en-ligne-wordpress\/","name":"D\u00e9veloppement de site Web Taxi & Limo + Syst\u00e8me de r\u00e9servation en ligne (WordPress) - KimaroTec","isPartOf":{"@id":"https:\/\/kimarotec.net\/#website"},"datePublished":"2020-11-29T19:17:35+00:00","dateModified":"2020-11-29T23:32:01+00:00","breadcrumb":{"@id":"https:\/\/kimarotec.net\/fr\/developpement-de-site-web-taxi-limo-systeme-de-reservation-en-ligne-wordpress\/#breadcrumb"},"inLanguage":"fr-FR","potentialAction":[{"@type":"ReadAction","target":["https:\/\/kimarotec.net\/fr\/developpement-de-site-web-taxi-limo-systeme-de-reservation-en-ligne-wordpress\/"]}]},{"@type":"BreadcrumbList","@id":"https:\/\/kimarotec.net\/fr\/developpement-de-site-web-taxi-limo-systeme-de-reservation-en-ligne-wordpress\/#breadcrumb","itemListElement":[{"@type":"ListItem","position":1,"name":"Home","item":"https:\/\/kimarotec.net\/fr\/"},{"@type":"ListItem","position":2,"name":"D\u00e9veloppement de site Web Taxi &#038; Limo + Syst\u00e8me de r\u00e9servation en ligne (WordPress)"}]},{"@type":"WebSite","@id":"https:\/\/kimarotec.net\/#website","url":"https:\/\/kimarotec.net\/","name":"KimaroTec","description":"Your VTC &amp; TAXI website in 48 hours","publisher":{"@id":"https:\/\/kimarotec.net\/#organization"},"potentialAction":[{"@type":"SearchAction","target":{"@type":"EntryPoint","urlTemplate":"https:\/\/kimarotec.net\/?s={search_term_string}"},"query-input":{"@type":"PropertyValueSpecification","valueRequired":true,"valueName":"search_term_string"}}],"inLanguage":"fr-FR"},{"@type":"Organization","@id":"https:\/\/kimarotec.net\/#organization","name":"Kimarotec","url":"https:\/\/kimarotec.net\/","logo":{"@type":"ImageObject","inLanguage":"fr-FR","@id":"https:\/\/kimarotec.net\/#\/schema\/logo\/image\/","url":"https:\/\/kimarotec.net\/wp-content\/uploads\/2017\/04\/logo.png","contentUrl":"https:\/\/kimarotec.net\/wp-content\/uploads\/2017\/04\/logo.png","width":175,"height":45,"caption":"Kimarotec"},"image":{"@id":"https:\/\/kimarotec.net\/#\/schema\/logo\/image\/"},"sameAs":["https:\/\/web.facebook.com\/kimaroTec\/"]}]}},"_links":{"self":[{"href":"https:\/\/kimarotec.net\/fr\/wp-json\/wp\/v2\/pages\/2634","targetHints":{"allow":["GET"]}}],"collection":[{"href":"https:\/\/kimarotec.net\/fr\/wp-json\/wp\/v2\/pages"}],"about":[{"href":"https:\/\/kimarotec.net\/fr\/wp-json\/wp\/v2\/types\/page"}],"author":[{"embeddable":true,"href":"https:\/\/kimarotec.net\/fr\/wp-json\/wp\/v2\/users\/4"}],"replies":[{"embeddable":true,"href":"https:\/\/kimarotec.net\/fr\/wp-json\/wp\/v2\/comments?post=2634"}],"version-history":[{"count":2,"href":"https:\/\/kimarotec.net\/fr\/wp-json\/wp\/v2\/pages\/2634\/revisions"}],"predecessor-version":[{"id":2676,"href":"https:\/\/kimarotec.net\/fr\/wp-json\/wp\/v2\/pages\/2634\/revisions\/2676"}],"wp:attachment":[{"href":"https:\/\/kimarotec.net\/fr\/wp-json\/wp\/v2\/media?parent=2634"}],"curies":[{"name":"wp","href":"https:\/\/api.w.org\/{rel}","templated":true}]}}