{"id":2632,"date":"2020-01-18T21:03:33","date_gmt":"2020-01-18T21:03:33","guid":{"rendered":"https:\/\/kimarotec.net\/?page_id=2632"},"modified":"2025-05-19T10:55:54","modified_gmt":"2025-05-19T10:55:54","slug":"pricing","status":"publish","type":"page","link":"https:\/\/kimarotec.net\/fr\/pricing\/","title":{"rendered":"Pricing"},"content":{"rendered":"<div class=\"wpb-content-wrapper\"><p>[vc_row el_class=&#8221;section section-md bg-default text-center&#8221;][vc_column][vc_row_inner][vc_column_inner][vc_column_text css=&#8221;&#8221;]<\/p>\n<h6>Forfaits \u00e9conomiques<\/h6>\n<h2>Choisissez votre formule id\u00e9ale<\/h2>\n<p>Ne perdez plus de temps\u00a0: confiez la cr\u00e9ation de votre site web professionnel \u00e0 des sp\u00e9cialistes et attirez plus de clients. La qualit\u00e9 de notre offre et nos prix sont imbattables.<br \/>\nRejoignez notre communaut\u00e9 de 650 chauffeurs priv\u00e9s et taxis qui nous font confiance\u00a0![\/vc_column_text][\/vc_column_inner][\/vc_row_inner][\/vc_column][\/vc_row][vc_row el_class=&#8221;section section-md bg-default text-center&#8221;][vc_column][vc_raw_html css=&#8221;&#8221;]JTNDZGl2JTIwY2xhc3MlM0QlMjJwcmljaW5nLWNvbnRhaW5lciUyMiUzRSUyMCUyMCUyMCUyMCUyMCUyMCUyMCUyMCUyMCUyMCUyMCUyMCUwQSUyMCUyMCUyMCUyMCUzQ2RpdiUyMGNsYXNzJTNEJTIycHJpY2luZyUyMiUzRSUwQSUyMCUyMCUyMCUyMCUyMCUyMCUzQ2RpdiUyMGNsYXNzJTNEJTIycHJpY2luZy10aXRsZSUyMiUzRVBybyUyMHdlYnNpdGUlMjAlM0MlMkZkaXYlM0UlMEElMjAlMjAlMjAlMjAlMjAlMjAlM0NkaXYlMjBjbGFzcyUzRCUyMnByaWNpbmctcHJpY2UlMjIlM0UlMEElMjAlMjAlMjAlMjAlMjAlMjAlMjAlMjAlM0NkaXYlMjBjbGFzcyUzRCUyMnByaWNpbmctcHJlZml4JTIyJTNFJUUyJTgyJUFDJTNDJTJGZGl2JTNFJTBBJTIwJTIwJTIwJTIwJTIwJTIwJTIwJTIwJTNDZGl2JTIwY2xhc3MlM0QlMjJwcmljaW5nLXZhbHVlJTIyJTNFMzUwJTNDJTJGZGl2JTNFJTBBJTIwJTIwJTIwJTIwJTIwJTIwJTIwJTIwJTNDZGl2JTIwY2xhc3MlM0QlMjJwcmljaW5nLXBvc3RmaXglMjIlM0UlM0MlMkZkaXYlM0UlMEElMjAlMjAlMjAlMjAlMjAlMjAlMjAlMjAlM0NzcGFuJTIwc3R5bGUlM0QlMjJwYWRkaW5nJTNBJTIwN3B4JTNCZm9udC13ZWlnaHQlM0ElMjAyMDAlM0IlMjIlM0UlMjAlMkIlMjA5MCVFMiU4MiVBQyUyRlllYXIlMjAlM0MlMkZzcGFuJTNFJTBBJTIwJTIwJTIwJTIwJTIwJTIwJTNDJTJGZGl2JTNFJTIwJTBBJTIwJTIwJTIwJTIwJTIwJTIwJTNDdWwlMjBjbGFzcyUzRCUyMnByaWNpbmctbGlzdCUyMiUzRSUwQSUyMCUyMCUyMCUyMCUyMCUyMCUyMCUyMCUzQ2xpJTIwY2xhc3MlM0QlMjJwcmljaW5nLWl0ZW0lMjIlM0VCb29raW5nJTIwc3lzdGVtJTNDJTJGbGklM0UlMjAlMEElMjAlMjAlMjAlMjAlMjAlMjAlMjAlMjAlM0NsaSUyMGNsYXNzJTNEJTIycHJpY2luZy1pdGVtJTIyJTNFVmVoaWNsZSUyME1hbmFnZW1lbnQlM0MlMkZsaSUzRSUwQSUyMCUyMCUyMCUyMCUyMCUyMCUyMCUyMCUzQ2xpJTIwY2xhc3MlM0QlMjJwcmljaW5nLWl0ZW0lMjIlM0VCb29raW5nJTIwTWFuYWdlbWVudCUzQyUyRmxpJTNFJTBBJTIwJTIwJTIwJTIwJTIwJTIwJTIwJTIwJTNDbGklMjBjbGFzcyUzRCUyMnByaWNpbmctaXRlbSUyMiUzRUJvb2tpbmclMjBDYWxlbmRhciUyMCUzQyUyRmxpJTNFJTIwJTBBJTIwJTIwJTIwJTIwJTIwJTIwJTIwJTIwJTNDbGklMjBjbGFzcyUzRCUyMnByaWNpbmctaXRlbSUyMiUzRUVtYWlsJTIwJTI2JTIwU01TJTIwbm90aWZpY2F0aW9uJTNDJTJGbGklM0UlMjAlMEElMjAlMjAlMjAlMjAlMjAlMjAlMjAlMjAlM0NsaSUyMGNsYXNzJTNEJTIycHJpY2luZy1pdGVtJTIyJTNFQ29sb3IlMjBzY2hlbWElM0MlMkZsaSUzRSUwQSUyMCUyMCUyMCUyMCUyMCUyMCUyMCUyMCUzQ2xpJTIwY2xhc3MlM0QlMjJwcmljaW5nLWl0ZW0lMjIlM0VPbmxpbmUlMjBQYXltZW50JTNDJTJGbGklM0UlMjAlMEElMjAlMjAlMjAlMjAlMjAlMjAlMjAlMjAlM0NsaSUyMGNsYXNzJTNEJTIycHJpY2luZy1pdGVtJTIyJTNFQ3VzdG9tZXIlMjBBcmVhJTNDJTJGbGklM0UlMjAlMEElMjAlMjAlMjAlMjAlMjAlMjAlMjAlMjAlM0NsaSUyMGNsYXNzJTNEJTIycHJpY2luZy1pdGVtJTIyJTNFRnVsbCUyMHN1cHBvcnQlMjBhbmQlMjB1cGRhdGUlM0MlMkZsaSUzRSUwQSUwQSUyMCUyMCUyMCUyMCUyMCUyMCUzQyUyRnVsJTNFJTNDYSUyMGNsYXNzJTNEJTIyYnV0dG9uJTIwYnV0dG9uLXNlY29uZGFyeSUyMiUyMGhyZWYlM0QlMjJodHRwcyUzQSUyRiUyRmtpbWFyb3RlYy5uZXQlMkZjcmVhdGUtbXktd2Vic2l0ZSUyRiUzRmklM0QyNTAlMjIlM0VPcmRlciUyME5vdyUzQyUyRmElM0UlMEElMjAlMjAlMjAlMjAlM0MlMkZkaXYlM0UlMjAlMEElMEElMjAlMEElMEElMjAlMjAlMjAlMjAlM0NkaXYlMjBjbGFzcyUzRCUyMnByaWNpbmclMjBwcmljaW5nLXByaW1hcnklMjIlM0UlMEElMjAlMjAlMjAlMjAlMjAlMjAlM0NkaXYlMjBjbGFzcyUzRCUyMnByaWNpbmctdGl0bGUlMjIlM0VGdWxsJTIwd2Vic2l0ZSUyMCUyQiUyMFNFTyUzQyUyRmRpdiUzRSUwQSUyMCUyMCUyMCUyMCUyMCUyMCUzQ2RpdiUyMGNsYXNzJTNEJTIycHJpY2luZy1wcmljZSUyMiUzRSUwQSUyMCUyMCUyMCUyMCUyMCUyMCUyMCUyMCUzQ2RpdiUyMGNsYXNzJTNEJTIycHJpY2luZy1wcmVmaXglMjIlM0UlRTIlODIlQUMlM0MlMkZkaXYlM0UlMEElMjAlMjAlMjAlMjAlMjAlMjAlMjAlMjAlM0NkaXYlMjBjbGFzcyUzRCUyMnByaWNpbmctdmFsdWUlMjIlM0U3NTAlM0MlMkZkaXYlM0UlMEElMjAlMjAlMjAlMjAlMjAlMjAlMjAlMjAlM0NkaXYlMjBjbGFzcyUzRCUyMnByaWNpbmctcG9zdGZpeCUyMiUzRSUzQyUyRmRpdiUzRSUwQSUyMCUyMCUyMCUyMCUyMCUyMCUyMCUyMCUzQ3NwYW4lMjBzdHlsZSUzRCUyMnBhZGRpbmclM0ElMjA3cHglM0Jmb250LXdlaWdodCUzQSUyMDIwMCUzQiUyMiUzRSUyMCUyQiUyMDkwJUUyJTgyJUFDJTJGWWVhciUyMCUzQyUyRnNwYW4lM0UlMEElMjAlMjAlMjAlMjAlMjAlMjAlM0MlMkZkaXYlM0UlMEElMjAlMjAlMjAlMjAlMjAlMjAlM0N1bCUyMGNsYXNzJTNEJTIycHJpY2luZy1saXN0JTIyJTNFJTBBJTIwJTIwJTIwJTIwJTIwJTIwJTIwJTIwJTNDbGklMjBjbGFzcyUzRCUyMnByaWNpbmctaXRlbSUyMiUzRUJvb2tpbmclMjBzeXN0ZW0lM0MlMkZsaSUzRSUyMCUwQSUyMCUyMCUyMCUyMCUyMCUyMCUyMCUyMCUzQ2xpJTIwY2xhc3MlM0QlMjJwcmljaW5nLWl0ZW0lMjIlM0VWZWhpY2xlJTIwTWFuYWdlbWVudCUzQyUyRmxpJTNFJTBBJTIwJTIwJTIwJTIwJTIwJTIwJTIwJTIwJTNDbGklMjBjbGFzcyUzRCUyMnByaWNpbmctaXRlbSUyMiUzRUJvb2tpbmclMjBNYW5hZ2VtZW50JTNDJTJGbGklM0UlMEElMjAlMjAlMjAlMjAlMjAlMjAlMjAlMjAlM0NsaSUyMGNsYXNzJTNEJTIycHJpY2luZy1pdGVtJTIyJTNFQm9va2luZyUyMENhbGVuZGFyJTIwJTNDJTJGbGklM0UlMjAlMEElMjAlMjAlMjAlMjAlMjAlMjAlMjAlMjAlM0NsaSUyMGNsYXNzJTNEJTIycHJpY2luZy1pdGVtJTIyJTNFRW1haWwlMjAlMjYlMjBTTVMlMjBub3RpZmljYXRpb24lM0MlMkZsaSUzRSUyMCUwQSUyMCUyMCUyMCUyMCUyMCUyMCUyMCUyMCUzQ2xpJTIwY2xhc3MlM0QlMjJwcmljaW5nLWl0ZW0lMjIlM0VDb2xvciUyMHNjaGVtYSUzQyUyRmxpJTNFJTBBJTIwJTIwJTIwJTIwJTIwJTIwJTIwJTIwJTNDbGklMjBjbGFzcyUzRCUyMnByaWNpbmctaXRlbSUyMiUzRU9ubGluZSUyMFBheW1lbnQlM0MlMkZsaSUzRSUyMCUwQSUyMCUyMCUyMCUyMCUyMCUyMCUyMCUyMCUzQ2xpJTIwY2xhc3MlM0QlMjJwcmljaW5nLWl0ZW0lMjIlM0VDdXN0b21lciUyMEFyZWElM0MlMkZsaSUzRSUwQSUyMCUyMCUyMCUyMCUyMCUyMCUyMCUyMCUzQ2xpJTIwY2xhc3MlM0QlMjJwcmljaW5nLWl0ZW0lMjIlM0VEaXJ2ZXIlMjBBcmVhJTNDJTJGbGklM0UlMjAlMEElMjAlMjAlMjAlMjAlMjAlMjAlMjAlMjAlM0NsaSUyMGNsYXNzJTNEJTIycHJpY2luZy1pdGVtJTIyJTNFRnVsbCUyMHN1cHBvcnQlMjBhbmQlMjB1cGRhdGUlM0MlMkZsaSUzRSUwQSUwQSUyMCUyMCUyMCUyMCUyMCUyMCUyMCUyMCUzQ2xpJTIwY2xhc3MlM0QlMjJwcmljaW5nLWl0ZW0lMjIlM0VGdWxsJTIwU0VPJTIwT3B0aW1pc2F0aW9uJTIwJTNDJTJGbGklM0UlMEElMjAlMjAlMjAlMjAlMjAlMjAlM0MlMkZ1bCUzRSUzQ2ElMjBjbGFzcyUzRCUyMmJ1dHRvbiUyMGJ1dHRvbi1zZWNvbmRhcnklMjIlMjBocmVmJTNEJTIyaHR0cHMlM0ElMkYlMkZraW1hcm90ZWMubmV0JTJGY3JlYXRlLW15LXdlYnNpdGUlMkYlM0ZpJTNENjUwJTIyJTNFT3JkZXIlMjBOb3clM0MlMkZhJTNFJTBBJTIwJTIwJTIwJTIwJTNDJTJGZGl2JTNFJTBBJTBBJTIwJTIwJTIwJTIwJTNDZGl2JTIwY2xhc3MlM0QlMjJwcmljaW5nJTIyJTNFJTBBJTIwJTIwJTIwJTIwJTIwJTIwJTNDZGl2JTIwY2xhc3MlM0QlMjJwcmljaW5nLXRpdGxlJTIyJTNFRnVsbCUyMHdlYnNpdGUlMjAlMjYlMjBNb2JpbGUlMjBBUFAlMjAlM0MlMkZkaXYlM0UlMEElMjAlMjAlMjAlMjAlMjAlMjAlM0NkaXYlMjBjbGFzcyUzRCUyMnByaWNpbmctcHJpY2UlMjIlM0UlMEElMjAlMjAlMjAlMjAlMjAlMjAlMjAlMjAlM0NkaXYlMjBjbGFzcyUzRCUyMnByaWNpbmctcHJlZml4JTIyJTNFdiUzQyUyRmRpdiUzRSUwQSUyMCUyMCUyMCUyMCUyMCUyMCUyMCUyMCUzQ2RpdiUyMGNsYXNzJTNEJTIycHJpY2luZy12YWx1ZSUyMiUzRTE0NTAlRTIlODIlQUMlM0MlMkZkaXYlM0UlMEElMjAlMjAlMjAlMjAlMjAlMjAlMjAlMjAlM0NkaXYlMjBjbGFzcyUzRCUyMnByaWNpbmctcG9zdGZpeCUyMiUzRSUzQyUyRmRpdiUzRSUwQSUyMCUyMCUyMCUyMCUyMCUyMCUyMCUyMCUzQ3NwYW4lMjBzdHlsZSUzRCUyMnBhZGRpbmclM0ElMjA3cHglM0Jmb250LXdlaWdodCUzQSUyMDIwMCUzQiUyMiUzRSUyMCUzQyUyRnNwYW4lM0UlMEElMjAlMjAlMjAlMjAlMjAlMjAlM0MlMkZkaXYlM0UlMjAlMEElMjAlMjAlMjAlMjAlMjAlMjAlM0N1bCUyMGNsYXNzJTNEJTIycHJpY2luZy1saXN0JTIyJTNFJTBBJTIwJTIwJTIwJTIwJTIwJTIwJTIwJTIwJTIwJTNDbGklMjBjbGFzcyUzRCUyMnByaWNpbmctaXRlbSUyMiUzRUJvb2tpbmclMjBzeXN0ZW0lM0MlMkZsaSUzRSUyMCUwQSUyMCUyMCUyMCUyMCUyMCUyMCUyMCUyMCUzQ2xpJTIwY2xhc3MlM0QlMjJwcmljaW5nLWl0ZW0lMjIlM0VWZWhpY2xlJTIwTWFuYWdlbWVudCUzQyUyRmxpJTNFJTBBJTIwJTIwJTIwJTIwJTIwJTIwJTIwJTIwJTNDbGklMjBjbGFzcyUzRCUyMnByaWNpbmctaXRlbSUyMiUzRUJvb2tpbmclMjBNYW5hZ2VtZW50JTNDJTJGbGklM0UlMEElMjAlMjAlMjAlMjAlMjAlMjAlMjAlMjAlM0NsaSUyMGNsYXNzJTNEJTIycHJpY2luZy1pdGVtJTIyJTNFQm9va2luZyUyMENhbGVuZGFyJTIwJTNDJTJGbGklM0UlMjAlMEElMjAlMjAlMjAlMjAlMjAlMjAlMjAlMjAlM0NsaSUyMGNsYXNzJTNEJTIycHJpY2luZy1pdGVtJTIyJTNFRW1haWwlMjAlMjYlMjBTTVMlMjBub3RpZmljYXRpb24lM0MlMkZsaSUzRSUyMCUwQSUyMCUyMCUyMCUyMCUyMCUyMCUyMCUyMCUzQ2xpJTIwY2xhc3MlM0QlMjJwcmljaW5nLWl0ZW0lMjIlM0VDb2xvciUyMHNjaGVtYSUzQyUyRmxpJTNFJTBBJTIwJTIwJTIwJTIwJTIwJTIwJTIwJTIwJTNDbGklMjBjbGFzcyUzRCUyMnByaWNpbmctaXRlbSUyMiUzRU9ubGluZSUyMFBheW1lbnQlM0MlMkZsaSUzRSUyMCUwQSUyMCUyMCUyMCUyMCUyMCUyMCUyMCUyMCUzQ2xpJTIwY2xhc3MlM0QlMjJwcmljaW5nLWl0ZW0lMjIlM0VDdXN0b21lciUyMEFyZWElM0MlMkZsaSUzRSUwQSUyMCUyMCUyMCUyMCUyMCUyMCUyMCUyMCUzQ2xpJTIwY2xhc3MlM0QlMjJwcmljaW5nLWl0ZW0lMjIlM0VEaXJ2ZXIlMjBBcmVhJTNDJTJGbGklM0UlMjAlMEElMjAlMjAlMjAlMjAlMjAlMjAlMjAlMjAlM0NsaSUyMGNsYXNzJTNEJTIycHJpY2luZy1pdGVtJTIyJTNFRGlzcGF0Y2hpbmclMjBTeXN0ZW0lM0MlMkZsaSUzRSUyMCUwQSUyMCUyMCUyMCUyMCUyMCUyMCUyMCUyMCUzQ2xpJTIwY2xhc3MlM0QlMjJwcmljaW5nLWl0ZW0lMjIlM0VGdWxsJTIwc3VwcG9ydCUyMGFuZCUyMHVwZGF0ZSUzQyUyRmxpJTNFJTBBJTBBJTIwJTIwJTIwJTIwJTIwJTIwJTIwJTIwJTNDbGklMjBjbGFzcyUzRCUyMnByaWNpbmctaXRlbSUyMiUzRUFuZHJvaWQlMjBBUFAlM0MlMkZsaSUzRSUwQSUyMCUyMCUyMCUyMCUyMCUyMCUyMCUyMCUzQ2xpJTIwY2xhc3MlM0QlMjJwcmljaW5nLWl0ZW0lMjIlM0VJT1MlMjBBUFAlMjAlM0MlMkZsaSUzRSUwQSUwQSUyMCUyMCUyMCUyMCUyMCUyMCUzQyUyRnVsJTNFJTBBJTA5JTA5JTNDYSUyMGNsYXNzJTNEJTIyYnV0dG9uJTIwYnV0dG9uLXNlY29uZGFyeSUyMiUyMGhyZWYlM0QlMjJodHRwcyUzQSUyRiUyRmtpbWFyb3RlYy5uZXQlMkZjb250YWN0LXVzJTJGJTIyJTNFQ29udGFjdCUyMHVzJTNDJTJGYSUzRSUwQSUyMCUyMCUyMCUyMCUzQyUyRmRpdiUzRSUwQSUwQSUyMCUyMCUyMCUyMCUzQ2RpdiUyMGNsYXNzJTNEJTIycHJpY2luZyUyMiUzRSUwQSUyMCUyMCUyMCUyMCUyMCUyMCUzQ2RpdiUyMGNsYXNzJTNEJTIycHJpY2luZy10aXRsZSUyMiUzRUZ1bGwlMjB3ZWJzaXRlJTIwJTJCJTIwTW9iaWxlJTIwQVBQJTIwJTJCJTIwU0VPJTIwJTNDJTJGZGl2JTNFJTBBJTIwJTIwJTIwJTIwJTIwJTIwJTNDZGl2JTIwY2xhc3MlM0QlMjJwcmljaW5nLXByaWNlJTIyJTNFJTBBJTIwJTIwJTIwJTIwJTIwJTIwJTIwJTIwJTNDZGl2JTIwY2xhc3MlM0QlMjJwcmljaW5nLXByZWZpeCUyMiUzRSVFMiU4MiVBQyUzQyUyRmRpdiUzRSUwQSUyMCUyMCUyMCUyMCUyMCUyMCUyMCUyMCUzQ2RpdiUyMGNsYXNzJTNEJTIycHJpY2luZy12YWx1ZSUyMiUzRTIwMDAlM0MlMkZkaXYlM0UlMEElMjAlMjAlMjAlMjAlMjAlMjAlMjAlMjAlM0NkaXYlMjBjbGFzcyUzRCUyMnByaWNpbmctcG9zdGZpeCUyMiUzRSUzQyUyRmRpdiUzRSUwQSUyMCUyMCUyMCUyMCUyMCUyMCUyMCUyMCUzQ3NwYW4lMjBzdHlsZSUzRCUyMnBhZGRpbmclM0ElMjA3cHglM0Jmb250LXdlaWdodCUzQSUyMDIwMCUzQiUyMiUzRSUyMCUzQyUyRnNwYW4lM0UlMEElMjAlMjAlMjAlMjAlMjAlMjAlM0MlMkZkaXYlM0UlMEElMjAlMjAlMjAlMjAlMjAlMjAlM0N1bCUyMGNsYXNzJTNEJTIycHJpY2luZy1saXN0JTIyJTNFJTBBJTIwJTIwJTIwJTIwJTIwJTIwJTIwJTIwJTNDbGklMjBjbGFzcyUzRCUyMnByaWNpbmctaXRlbSUyMiUzRUJvb2tpbmclMjBzeXN0ZW0lM0MlMkZsaSUzRSUyMCUwQSUyMCUyMCUyMCUyMCUyMCUyMCUyMCUyMCUzQ2xpJTIwY2xhc3MlM0QlMjJwcmljaW5nLWl0ZW0lMjIlM0VWZWhpY2xlJTIwTWFuYWdlbWVudCUzQyUyRmxpJTNFJTBBJTIwJTIwJTIwJTIwJTIwJTIwJTIwJTIwJTNDbGklMjBjbGFzcyUzRCUyMnByaWNpbmctaXRlbSUyMiUzRUJvb2tpbmclMjBNYW5hZ2VtZW50JTNDJTJGbGklM0UlMEElMjAlMjAlMjAlMjAlMjAlMjAlMjAlMjAlM0NsaSUyMGNsYXNzJTNEJTIycHJpY2luZy1pdGVtJTIyJTNFQm9va2luZyUyMENhbGVuZGFyJTIwJTNDJTJGbGklM0UlMjAlMEElMjAlMjAlMjAlMjAlMjAlMjAlMjAlMjAlM0NsaSUyMGNsYXNzJTNEJTIycHJpY2luZy1pdGVtJTIyJTNFRW1haWwlMjAlMjYlMjBTTVMlMjBub3RpZmljYXRpb24lM0MlMkZsaSUzRSUyMCUwQSUyMCUyMCUyMCUyMCUyMCUyMCUyMCUyMCUzQ2xpJTIwY2xhc3MlM0QlMjJwcmljaW5nLWl0ZW0lMjIlM0VDb2xvciUyMHNjaGVtYSUzQyUyRmxpJTNFJTBBJTIwJTIwJTIwJTIwJTIwJTIwJTIwJTIwJTNDbGklMjBjbGFzcyUzRCUyMnByaWNpbmctaXRlbSUyMiUzRU9ubGluZSUyMFBheW1lbnQlM0MlMkZsaSUzRSUyMCUwQSUyMCUyMCUyMCUyMCUyMCUyMCUyMCUyMCUzQ2xpJTIwY2xhc3MlM0QlMjJwcmljaW5nLWl0ZW0lMjIlM0VDdXN0b21lciUyMEFyZWElM0MlMkZsaSUzRSUwQSUyMCUyMCUyMCUyMCUyMCUyMCUyMCUyMCUzQ2xpJTIwY2xhc3MlM0QlMjJwcmljaW5nLWl0ZW0lMjIlM0VEaXJ2ZXIlMjBBcmVhJTNDJTJGbGklM0UlMjAlMEElMjAlMjAlMjAlMjAlMjAlMjAlMjAlMjAlM0NsaSUyMGNsYXNzJTNEJTIycHJpY2luZy1pdGVtJTIyJTNFRGlzcGF0Y2hpbmclMjBTeXN0ZW0lM0MlMkZsaSUzRSUyMCUwQSUyMCUyMCUyMCUyMCUyMCUyMCUyMCUyMCUzQ2xpJTIwY2xhc3MlM0QlMjJwcmljaW5nLWl0ZW0lMjIlM0VGdWxsJTIwc3VwcG9ydCUyMGFuZCUyMHVwZGF0ZSUzQyUyRmxpJTNFJTBBJTBBJTBBJTIwJTIwJTIwJTIwJTIwJTIwJTIwJTIwJTNDbGklMjBjbGFzcyUzRCUyMnByaWNpbmctaXRlbSUyMiUzRUFuZHJvaWQlMjBBUFAlM0MlMkZsaSUzRSUwQSUyMCUyMCUyMCUyMCUyMCUyMCUyMCUyMCUzQ2xpJTIwY2xhc3MlM0QlMjJwcmljaW5nLWl0ZW0lMjIlM0VJT1MlMjBBUFAlMjAlM0MlMkZsaSUzRSUwQSUwQSUyMCUyMCUyMCUyMCUyMCUyMCUyMCUyMCUzQ2xpJTIwY2xhc3MlM0QlMjJwcmljaW5nLWl0ZW0lMjIlM0VTRU8lMjBPcHRpbWl6ZWQlM0MlMkZsaSUzRSUwQSUwQSUyMCUyMCUyMCUyMCUyMCUyMCUyMCUyMCUzQ2xpJTIwY2xhc3MlM0QlMjJwcmljaW5nLWl0ZW0lMjIlM0VGdWxsJTIwU0VPJTIwT3B0aW1pc2F0aW9uJTIwJTNDJTJGbGklM0UlMEElMjAlMjAlMjAlMjAlMjAlMjAlM0MlMkZ1bCUzRSUzQ2ElMjBjbGFzcyUzRCUyMmJ1dHRvbiUyMGJ1dHRvbi1zZWNvbmRhcnklMjIlMjBocmVmJTNEJTIyaHR0cHMlM0ElMkYlMkZraW1hcm90ZWMubmV0JTJGY29udGFjdC11cyUyRiUyMiUzRUNvbnRhY3QlMjB1cyUzQyUyRmElM0UlMEElMjAlMjAlMjAlMjAlM0MlMkZkaXYlM0UlMEElMjAlMjAlM0MlMkZkaXYlM0UlMEElMEE=[\/vc_raw_html][\/vc_column][\/vc_row][vc_row][vc_column][vc_row_inner][vc_column_inner width=&#8221;1\/6&#8243;][\/vc_column_inner][vc_column_inner width=&#8221;2\/3&#8243;][\/vc_column_inner][vc_column_inner width=&#8221;1\/6&#8243;][\/vc_column_inner][\/vc_row_inner][\/vc_column][\/vc_row][vc_row][vc_column][vc_empty_space height=&#8221;35px&#8221;][\/vc_column][\/vc_row][vc_row][vc_column width=&#8221;1\/6&#8243;][\/vc_column][vc_column width=&#8221;2\/3&#8243;][vc_custom_heading text=&#8221;Frequently Asked Questions&#8221; font_container=&#8221;tag:h2|text_align:center&#8221;][vc_tta_accordion][vc_tta_section title=&#8221;Will my website be 100% user-responsive?&#8221; tab_id=&#8221;1532522545461-10c3907d-e4e5&#8243;][vc_column_text]Yes, all websites designed and developed by Kimarotec.net are 100% responsive and will be compatible with all your devices. You can try a demo at <a href=\"http:\/\/beta.kimarotec.net\">kimarotec.net<\/a>.[\/vc_column_text][\/vc_tta_section][vc_tta_section title=&#8221;\u00c0 quoi ressemblera mon syst\u00e8me de r\u00e9servation et de paiement ?&#8221; tab_id=&#8221;1532636266342-2ae311c3-e651&#8243;][vc_column_text css=&#8221;&#8221;]Le syst\u00e8me de r\u00e9servation est un processus complet et tr\u00e8s convivial qui ne vous prendra que quelques minutes. Il s&#8217;\u00e9tend de la recherche \u00e0 l&#8217;obtention du bon de commande, en passant par la validation et le paiement en ligne. De plus, tous les paiements sont g\u00e9r\u00e9s par le plugin WooCommerce. Vous pouvez donc utiliser le syst\u00e8me de paiement de votre choix, comme PayPal, Cash et\/ou CB.[\/vc_column_text][\/vc_tta_section][vc_tta_section title=&#8221;How can I pay for my website?&#8221; tab_id=&#8221;1532636634968-628eb5cf-aab5&#8243;][vc_column_text]You can pay through PayPal and\/or Bank Transfer. We will get started with your work as soon as we receive the payment.[\/vc_column_text][\/vc_tta_section][vc_tta_section title=&#8221;S&#8217;agit-il d&#8217;un paiement unique ?&#8221; tab_id=&#8221;1604746947644-bdff1c64-8790&#8243;][vc_column_text css=&#8221;&#8221;]Non, vous devrez payer un abonnement annuel pour l&#8217;assistance et les mises \u00e0 jour n\u00e9cessaires \u00e0 l&#8217;utilisation de nos produits.<\/p>\n<p>90 euros par an[\/vc_column_text][\/vc_tta_section][vc_tta_section title=&#8221;Would I need domain &amp; hosting?&#8221; tab_id=&#8221;1532636670101-5579d803-f47c&#8221;][vc_column_text]Yes, you would need a domain name and hosting to run your website. We recommend using infomaniak.com for your hosting needs.<br \/>\n<a href=\"https:\/\/www.infomaniak.com\/goto\/en\/hosting.classic?utm_term=5ee015de13e01\"><br \/>\ninfomaniak.com<br \/>\n<\/a><br \/>\n<a href=\"https:\/\/www.infomaniak.com\/goto\/en\/hosting.classic?utm_term=5ee015de13e01\"><br \/>\n<img loading=\"lazy\" decoding=\"async\" class=\"alignnone wp-image-2231\" src=\"http:\/\/beta.kimarotec.net\/wp-content\/uploads\/2020\/11\/infomaniak-hosting.png\" alt=\"infomaniak-hosting\" width=\"343\" height=\"148\" srcset=\"https:\/\/kimarotec.net\/wp-content\/uploads\/2020\/11\/infomaniak-hosting.png 2550w, https:\/\/kimarotec.net\/wp-content\/uploads\/2020\/11\/infomaniak-hosting-600x259.png 600w\" sizes=\"auto, (max-width: 343px) 100vw, 343px\" \/><br \/>\n<\/a>[\/vc_column_text][\/vc_tta_section][vc_tta_section title=&#8221;How can I start ?&#8221; tab_id=&#8221;1532636760718-1238ff0e-b729&#8243;][vc_column_text]It&#8217;s easy<\/p>\n<ol>\n<li>1- Choose a design from our several designs.<\/li>\n<li>2- Add the domain name you want.<\/li>\n<li>3- Complete the order process.<\/li>\n<li>4- Wait for a maximum of 2 hours for us to respond.<\/li>\n<li>5- We will take a maximum of 48 hours to deliver your user-responsive and aesthetic website.<\/li>\n<\/ol>\n<p>That&#8217;s all , you can contact us if you still need more information[\/vc_column_text][\/vc_tta_section][vc_tta_section title=&#8221;I want to change the color of my website&#8221; tab_id=&#8221;1532636754034-5a7696b2-99e1&#8243;][vc_column_text]Yes we can do it for free[\/vc_column_text][\/vc_tta_section][\/vc_tta_accordion][\/vc_column][vc_column width=&#8221;1\/6&#8243;][\/vc_column][\/vc_row][vc_row][vc_column][vc_empty_space height=&#8221;35px&#8221;][\/vc_column][\/vc_row]<\/p>\n<\/div>","protected":false},"excerpt":{"rendered":"<p>[vc_row el_class=&#8221;section section-md bg-default text-center&#8221;][vc_column][vc_row_inner][vc_column_inner][vc_column_text css=&#8221;&#8221;] Forfaits \u00e9conomiques Choisissez votre formule id\u00e9ale Ne perdez plus de temps\u00a0: confiez la cr\u00e9ation de votre site web professionnel \u00e0 des sp\u00e9cialistes et attirez plus de clients. La qualit\u00e9 de notre offre et nos prix sont imbattables. Rejoignez notre communaut\u00e9 de 650 chauffeurs priv\u00e9s et taxis qui nous font [&hellip;]<\/p>\n","protected":false},"author":4,"featured_media":0,"parent":0,"menu_order":0,"comment_status":"closed","ping_status":"closed","template":"","meta":{"_joinchat":[],"footnotes":""},"class_list":["post-2632","page","type-page","status-publish","hentry"],"yoast_head":"<!-- This site is optimized with the Yoast SEO plugin v27.3 - https:\/\/yoast.com\/product\/yoast-seo-wordpress\/ -->\n<title>Pricing - KimaroTec<\/title>\n<meta name=\"robots\" content=\"index, follow, max-snippet:-1, max-image-preview:large, max-video-preview:-1\" \/>\n<link rel=\"canonical\" href=\"https:\/\/kimarotec.net\/fr\/pricing\/\" \/>\n<meta property=\"og:locale\" content=\"fr_FR\" \/>\n<meta property=\"og:type\" content=\"article\" \/>\n<meta property=\"og:title\" content=\"Pricing - KimaroTec\" \/>\n<meta property=\"og:description\" content=\"[vc_row el_class=&#8221;section section-md bg-default text-center&#8221;][vc_column][vc_row_inner][vc_column_inner][vc_column_text css=&#8221;&#8221;] Forfaits \u00e9conomiques Choisissez votre formule id\u00e9ale Ne perdez plus de temps\u00a0: confiez la cr\u00e9ation de votre site web professionnel \u00e0 des sp\u00e9cialistes et attirez plus de clients. La qualit\u00e9 de notre offre et nos prix sont imbattables. Rejoignez notre communaut\u00e9 de 650 chauffeurs priv\u00e9s et taxis qui nous font [&hellip;]\" \/>\n<meta property=\"og:url\" content=\"https:\/\/kimarotec.net\/fr\/pricing\/\" \/>\n<meta property=\"og:site_name\" content=\"KimaroTec\" \/>\n<meta property=\"article:publisher\" content=\"https:\/\/web.facebook.com\/kimaroTec\/\" \/>\n<meta property=\"article:modified_time\" content=\"2025-05-19T10:55:54+00:00\" \/>\n<meta property=\"og:image\" content=\"https:\/\/kimarotec.net\/wp-content\/uploads\/2020\/11\/infomaniak-hosting.png\" \/>\n\t<meta property=\"og:image:width\" content=\"2550\" \/>\n\t<meta property=\"og:image:height\" content=\"1102\" \/>\n\t<meta property=\"og:image:type\" content=\"image\/png\" \/>\n<meta name=\"twitter:card\" content=\"summary_large_image\" \/>\n<meta name=\"twitter:label1\" content=\"Dur\u00e9e de lecture estim\u00e9e\" \/>\n\t<meta name=\"twitter:data1\" content=\"2 minutes\" \/>\n<!-- \/ Yoast SEO plugin. -->","yoast_head_json":{"title":"Pricing - KimaroTec","robots":{"index":"index","follow":"follow","max-snippet":"max-snippet:-1","max-image-preview":"max-image-preview:large","max-video-preview":"max-video-preview:-1"},"canonical":"https:\/\/kimarotec.net\/fr\/pricing\/","og_locale":"fr_FR","og_type":"article","og_title":"Pricing - KimaroTec","og_description":"[vc_row el_class=&#8221;section section-md bg-default text-center&#8221;][vc_column][vc_row_inner][vc_column_inner][vc_column_text css=&#8221;&#8221;] Forfaits \u00e9conomiques Choisissez votre formule id\u00e9ale Ne perdez plus de temps\u00a0: confiez la cr\u00e9ation de votre site web professionnel \u00e0 des sp\u00e9cialistes et attirez plus de clients. La qualit\u00e9 de notre offre et nos prix sont imbattables. Rejoignez notre communaut\u00e9 de 650 chauffeurs priv\u00e9s et taxis qui nous font [&hellip;]","og_url":"https:\/\/kimarotec.net\/fr\/pricing\/","og_site_name":"KimaroTec","article_publisher":"https:\/\/web.facebook.com\/kimaroTec\/","article_modified_time":"2025-05-19T10:55:54+00:00","og_image":[{"width":2550,"height":1102,"url":"https:\/\/kimarotec.net\/wp-content\/uploads\/2020\/11\/infomaniak-hosting.png","type":"image\/png"}],"twitter_card":"summary_large_image","twitter_misc":{"Dur\u00e9e de lecture estim\u00e9e":"2 minutes"},"schema":{"@context":"https:\/\/schema.org","@graph":[{"@type":"WebPage","@id":"https:\/\/kimarotec.net\/fr\/pricing\/","url":"https:\/\/kimarotec.net\/fr\/pricing\/","name":"Pricing - KimaroTec","isPartOf":{"@id":"https:\/\/kimarotec.net\/#website"},"primaryImageOfPage":{"@id":"https:\/\/kimarotec.net\/fr\/pricing\/#primaryimage"},"image":{"@id":"https:\/\/kimarotec.net\/fr\/pricing\/#primaryimage"},"thumbnailUrl":"http:\/\/beta.kimarotec.net\/wp-content\/uploads\/2020\/11\/infomaniak-hosting.png","datePublished":"2020-01-18T21:03:33+00:00","dateModified":"2025-05-19T10:55:54+00:00","breadcrumb":{"@id":"https:\/\/kimarotec.net\/fr\/pricing\/#breadcrumb"},"inLanguage":"fr-FR","potentialAction":[{"@type":"ReadAction","target":["https:\/\/kimarotec.net\/fr\/pricing\/"]}]},{"@type":"ImageObject","inLanguage":"fr-FR","@id":"https:\/\/kimarotec.net\/fr\/pricing\/#primaryimage","url":"http:\/\/beta.kimarotec.net\/wp-content\/uploads\/2020\/11\/infomaniak-hosting.png","contentUrl":"http:\/\/beta.kimarotec.net\/wp-content\/uploads\/2020\/11\/infomaniak-hosting.png"},{"@type":"BreadcrumbList","@id":"https:\/\/kimarotec.net\/fr\/pricing\/#breadcrumb","itemListElement":[{"@type":"ListItem","position":1,"name":"Home","item":"https:\/\/kimarotec.net\/fr\/"},{"@type":"ListItem","position":2,"name":"Pricing"}]},{"@type":"WebSite","@id":"https:\/\/kimarotec.net\/#website","url":"https:\/\/kimarotec.net\/","name":"KimaroTec","description":"Your VTC &amp; TAXI website in 48 hours","publisher":{"@id":"https:\/\/kimarotec.net\/#organization"},"potentialAction":[{"@type":"SearchAction","target":{"@type":"EntryPoint","urlTemplate":"https:\/\/kimarotec.net\/?s={search_term_string}"},"query-input":{"@type":"PropertyValueSpecification","valueRequired":true,"valueName":"search_term_string"}}],"inLanguage":"fr-FR"},{"@type":"Organization","@id":"https:\/\/kimarotec.net\/#organization","name":"Kimarotec","url":"https:\/\/kimarotec.net\/","logo":{"@type":"ImageObject","inLanguage":"fr-FR","@id":"https:\/\/kimarotec.net\/#\/schema\/logo\/image\/","url":"https:\/\/kimarotec.net\/wp-content\/uploads\/2017\/04\/logo.png","contentUrl":"https:\/\/kimarotec.net\/wp-content\/uploads\/2017\/04\/logo.png","width":175,"height":45,"caption":"Kimarotec"},"image":{"@id":"https:\/\/kimarotec.net\/#\/schema\/logo\/image\/"},"sameAs":["https:\/\/web.facebook.com\/kimaroTec\/"]}]}},"_links":{"self":[{"href":"https:\/\/kimarotec.net\/fr\/wp-json\/wp\/v2\/pages\/2632","targetHints":{"allow":["GET"]}}],"collection":[{"href":"https:\/\/kimarotec.net\/fr\/wp-json\/wp\/v2\/pages"}],"about":[{"href":"https:\/\/kimarotec.net\/fr\/wp-json\/wp\/v2\/types\/page"}],"author":[{"embeddable":true,"href":"https:\/\/kimarotec.net\/fr\/wp-json\/wp\/v2\/users\/4"}],"replies":[{"embeddable":true,"href":"https:\/\/kimarotec.net\/fr\/wp-json\/wp\/v2\/comments?post=2632"}],"version-history":[{"count":5,"href":"https:\/\/kimarotec.net\/fr\/wp-json\/wp\/v2\/pages\/2632\/revisions"}],"predecessor-version":[{"id":3330,"href":"https:\/\/kimarotec.net\/fr\/wp-json\/wp\/v2\/pages\/2632\/revisions\/3330"}],"wp:attachment":[{"href":"https:\/\/kimarotec.net\/fr\/wp-json\/wp\/v2\/media?parent=2632"}],"curies":[{"name":"wp","href":"https:\/\/api.w.org\/{rel}","templated":true}]}}