{"id":2631,"date":"2020-11-29T19:17:05","date_gmt":"2020-11-29T19:17:05","guid":{"rendered":"https:\/\/kimarotec.net\/?page_id=2631"},"modified":"2020-11-29T23:53:08","modified_gmt":"2020-11-29T23:53:08","slug":"renouveler-une-licence","status":"publish","type":"page","link":"https:\/\/kimarotec.net\/fr\/mon-compte\/renouveler-une-licence\/","title":{"rendered":"Renouveler une licence"},"content":{"rendered":"<div class=\"wpb-content-wrapper\"><p>[vc_row css=&#8221;.vc_custom_1604745963081{padding-top: 30px !important;}&#8221;][vc_column][vc_column_text]<\/p>\n<h2 class=\"title\">Comment renouveler une cl\u00e9 de licence existante?<\/h2>\n<p>Vous pouvez renouveler la cl\u00e9 de licence \u00e0 partir de votre compte ou nous contacter, s&#8217;il vous pla\u00eet pas une cl\u00e9 d&#8217;expiration peut n\u00e9cessiter un nouveau paiement.<\/p>\n<p>Pour conna\u00eetre les m\u00e9thodes de renouvellement disponibles, consultez chaque option ci-dessous:<\/p>\n<p>&nbsp;<\/p>\n<h3>Renouveler \u00e0 partir de la page de votre compte:<\/h3>\n<p>Dans votre compte, vous pouvez g\u00e9rer toutes les informations sur vos licences. Ci-dessous, vous pouvez voir un exemple de licence expir\u00e9e avec un lien pour renouveler. Ce lien m\u00e8ne \u00e0 la page de paiement avec vos informations pr\u00e9-remplies pour un processus facile.<\/p>\n<h3><img loading=\"lazy\" decoding=\"async\" class=\"alignnone wp-image-2224\" src=\"http:\/\/kimarotec.net\/wp-content\/uploads\/2020\/11\/renew-lisence-kimarotec.jpg\" alt=\"\" width=\"668\" height=\"249\" srcset=\"https:\/\/kimarotec.net\/wp-content\/uploads\/2020\/11\/renew-lisence-kimarotec.jpg 1900w, https:\/\/kimarotec.net\/wp-content\/uploads\/2020\/11\/renew-lisence-kimarotec-600x224.jpg 600w\" sizes=\"auto, (max-width: 668px) 100vw, 668px\" \/><\/h3>\n<h3>Renouveler en nous contactant:<\/h3>\n<p>Vous pouvez toujours nous contacter par e-mail ou par whats-app, nous ferons de notre mieux pour vous aider \u00e0 renouveler votre licence et \u00e0 activer votre site Web.<a href=\"https:\/\/kimarotec.net\/fr\/nous-contacter\/\">Nous contacter<\/a><\/p>\n<p>[\/vc_column_text][\/vc_column][\/vc_row]<\/p>\n<\/div>","protected":false},"excerpt":{"rendered":"<p>[vc_row css=&#8221;.vc_custom_1604745963081{padding-top: 30px !important;}&#8221;][vc_column][vc_column_text] Comment renouveler une cl\u00e9 de licence existante? Vous pouvez renouveler la cl\u00e9 de licence \u00e0 partir de votre compte ou nous contacter, s&#8217;il vous pla\u00eet pas une cl\u00e9 d&#8217;expiration peut n\u00e9cessiter un nouveau paiement. Pour conna\u00eetre les m\u00e9thodes de renouvellement disponibles, consultez chaque option ci-dessous: &nbsp; Renouveler \u00e0 partir de la [&hellip;]<\/p>\n","protected":false},"author":4,"featured_media":0,"parent":2655,"menu_order":0,"comment_status":"closed","ping_status":"closed","template":"","meta":{"_joinchat":[],"footnotes":""},"class_list":["post-2631","page","type-page","status-publish","hentry"],"yoast_head":"<!-- This site is optimized with the Yoast SEO plugin v27.3 - https:\/\/yoast.com\/product\/yoast-seo-wordpress\/ -->\n<title>Renouveler une licence - KimaroTec<\/title>\n<meta name=\"robots\" content=\"index, follow, max-snippet:-1, max-image-preview:large, max-video-preview:-1\" \/>\n<link rel=\"canonical\" href=\"https:\/\/kimarotec.net\/fr\/mon-compte\/renouveler-une-licence\/\" \/>\n<meta property=\"og:locale\" content=\"fr_FR\" \/>\n<meta property=\"og:type\" content=\"article\" \/>\n<meta property=\"og:title\" content=\"Renouveler une licence - KimaroTec\" \/>\n<meta property=\"og:description\" content=\"[vc_row css=&#8221;.vc_custom_1604745963081{padding-top: 30px !important;}&#8221;][vc_column][vc_column_text] Comment renouveler une cl\u00e9 de licence existante? Vous pouvez renouveler la cl\u00e9 de licence \u00e0 partir de votre compte ou nous contacter, s&#8217;il vous pla\u00eet pas une cl\u00e9 d&#8217;expiration peut n\u00e9cessiter un nouveau paiement. Pour conna\u00eetre les m\u00e9thodes de renouvellement disponibles, consultez chaque option ci-dessous: &nbsp; Renouveler \u00e0 partir de la [&hellip;]\" \/>\n<meta property=\"og:url\" content=\"https:\/\/kimarotec.net\/fr\/mon-compte\/renouveler-une-licence\/\" \/>\n<meta property=\"og:site_name\" content=\"KimaroTec\" \/>\n<meta property=\"article:publisher\" content=\"https:\/\/web.facebook.com\/kimaroTec\/\" \/>\n<meta property=\"article:modified_time\" content=\"2020-11-29T23:53:08+00:00\" \/>\n<meta property=\"og:image\" content=\"http:\/\/kimarotec.net\/wp-content\/uploads\/2020\/11\/renew-lisence-kimarotec.jpg\" \/>\n<meta name=\"twitter:card\" content=\"summary_large_image\" \/>\n<meta name=\"twitter:label1\" content=\"Dur\u00e9e de lecture estim\u00e9e\" \/>\n\t<meta name=\"twitter:data1\" content=\"1 minute\" \/>\n<!-- \/ Yoast SEO plugin. -->","yoast_head_json":{"title":"Renouveler une licence - KimaroTec","robots":{"index":"index","follow":"follow","max-snippet":"max-snippet:-1","max-image-preview":"max-image-preview:large","max-video-preview":"max-video-preview:-1"},"canonical":"https:\/\/kimarotec.net\/fr\/mon-compte\/renouveler-une-licence\/","og_locale":"fr_FR","og_type":"article","og_title":"Renouveler une licence - KimaroTec","og_description":"[vc_row css=&#8221;.vc_custom_1604745963081{padding-top: 30px !important;}&#8221;][vc_column][vc_column_text] Comment renouveler une cl\u00e9 de licence existante? Vous pouvez renouveler la cl\u00e9 de licence \u00e0 partir de votre compte ou nous contacter, s&#8217;il vous pla\u00eet pas une cl\u00e9 d&#8217;expiration peut n\u00e9cessiter un nouveau paiement. Pour conna\u00eetre les m\u00e9thodes de renouvellement disponibles, consultez chaque option ci-dessous: &nbsp; Renouveler \u00e0 partir de la [&hellip;]","og_url":"https:\/\/kimarotec.net\/fr\/mon-compte\/renouveler-une-licence\/","og_site_name":"KimaroTec","article_publisher":"https:\/\/web.facebook.com\/kimaroTec\/","article_modified_time":"2020-11-29T23:53:08+00:00","og_image":[{"url":"http:\/\/kimarotec.net\/wp-content\/uploads\/2020\/11\/renew-lisence-kimarotec.jpg","type":"","width":"","height":""}],"twitter_card":"summary_large_image","twitter_misc":{"Dur\u00e9e de lecture estim\u00e9e":"1 minute"},"schema":{"@context":"https:\/\/schema.org","@graph":[{"@type":"WebPage","@id":"https:\/\/kimarotec.net\/fr\/mon-compte\/renouveler-une-licence\/","url":"https:\/\/kimarotec.net\/fr\/mon-compte\/renouveler-une-licence\/","name":"Renouveler une licence - KimaroTec","isPartOf":{"@id":"https:\/\/kimarotec.net\/#website"},"primaryImageOfPage":{"@id":"https:\/\/kimarotec.net\/fr\/mon-compte\/renouveler-une-licence\/#primaryimage"},"image":{"@id":"https:\/\/kimarotec.net\/fr\/mon-compte\/renouveler-une-licence\/#primaryimage"},"thumbnailUrl":"http:\/\/kimarotec.net\/wp-content\/uploads\/2020\/11\/renew-lisence-kimarotec.jpg","datePublished":"2020-11-29T19:17:05+00:00","dateModified":"2020-11-29T23:53:08+00:00","breadcrumb":{"@id":"https:\/\/kimarotec.net\/fr\/mon-compte\/renouveler-une-licence\/#breadcrumb"},"inLanguage":"fr-FR","potentialAction":[{"@type":"ReadAction","target":["https:\/\/kimarotec.net\/fr\/mon-compte\/renouveler-une-licence\/"]}]},{"@type":"ImageObject","inLanguage":"fr-FR","@id":"https:\/\/kimarotec.net\/fr\/mon-compte\/renouveler-une-licence\/#primaryimage","url":"http:\/\/kimarotec.net\/wp-content\/uploads\/2020\/11\/renew-lisence-kimarotec.jpg","contentUrl":"http:\/\/kimarotec.net\/wp-content\/uploads\/2020\/11\/renew-lisence-kimarotec.jpg"},{"@type":"BreadcrumbList","@id":"https:\/\/kimarotec.net\/fr\/mon-compte\/renouveler-une-licence\/#breadcrumb","itemListElement":[{"@type":"ListItem","position":1,"name":"Home","item":"https:\/\/kimarotec.net\/fr\/"},{"@type":"ListItem","position":2,"name":"Mon compte","item":"https:\/\/kimarotec.net\/fr\/mon-compte\/"},{"@type":"ListItem","position":3,"name":"Renouveler une licence"}]},{"@type":"WebSite","@id":"https:\/\/kimarotec.net\/#website","url":"https:\/\/kimarotec.net\/","name":"KimaroTec","description":"Your VTC &amp; TAXI website in 48 hours","publisher":{"@id":"https:\/\/kimarotec.net\/#organization"},"potentialAction":[{"@type":"SearchAction","target":{"@type":"EntryPoint","urlTemplate":"https:\/\/kimarotec.net\/?s={search_term_string}"},"query-input":{"@type":"PropertyValueSpecification","valueRequired":true,"valueName":"search_term_string"}}],"inLanguage":"fr-FR"},{"@type":"Organization","@id":"https:\/\/kimarotec.net\/#organization","name":"Kimarotec","url":"https:\/\/kimarotec.net\/","logo":{"@type":"ImageObject","inLanguage":"fr-FR","@id":"https:\/\/kimarotec.net\/#\/schema\/logo\/image\/","url":"https:\/\/kimarotec.net\/wp-content\/uploads\/2017\/04\/logo.png","contentUrl":"https:\/\/kimarotec.net\/wp-content\/uploads\/2017\/04\/logo.png","width":175,"height":45,"caption":"Kimarotec"},"image":{"@id":"https:\/\/kimarotec.net\/#\/schema\/logo\/image\/"},"sameAs":["https:\/\/web.facebook.com\/kimaroTec\/"]}]}},"_links":{"self":[{"href":"https:\/\/kimarotec.net\/fr\/wp-json\/wp\/v2\/pages\/2631","targetHints":{"allow":["GET"]}}],"collection":[{"href":"https:\/\/kimarotec.net\/fr\/wp-json\/wp\/v2\/pages"}],"about":[{"href":"https:\/\/kimarotec.net\/fr\/wp-json\/wp\/v2\/types\/page"}],"author":[{"embeddable":true,"href":"https:\/\/kimarotec.net\/fr\/wp-json\/wp\/v2\/users\/4"}],"replies":[{"embeddable":true,"href":"https:\/\/kimarotec.net\/fr\/wp-json\/wp\/v2\/comments?post=2631"}],"version-history":[{"count":5,"href":"https:\/\/kimarotec.net\/fr\/wp-json\/wp\/v2\/pages\/2631\/revisions"}],"predecessor-version":[{"id":2689,"href":"https:\/\/kimarotec.net\/fr\/wp-json\/wp\/v2\/pages\/2631\/revisions\/2689"}],"up":[{"embeddable":true,"href":"https:\/\/kimarotec.net\/fr\/wp-json\/wp\/v2\/pages\/2655"}],"wp:attachment":[{"href":"https:\/\/kimarotec.net\/fr\/wp-json\/wp\/v2\/media?parent=2631"}],"curies":[{"name":"wp","href":"https:\/\/api.w.org\/{rel}","templated":true}]}}