{"id":2630,"date":"2020-11-29T19:17:11","date_gmt":"2020-11-29T19:17:11","guid":{"rendered":"https:\/\/kimarotec.net\/?page_id=2630"},"modified":"2025-05-19T10:36:50","modified_gmt":"2025-05-19T10:36:50","slug":"questions-de-pre-vente","status":"publish","type":"page","link":"https:\/\/kimarotec.net\/fr\/questions-de-pre-vente\/","title":{"rendered":"Questions de pr\u00e9-vente"},"content":{"rendered":"<div class=\"wpb-content-wrapper\"><p>[vc_row][vc_column][vc_empty_space height=&#8221;35px&#8221;][\/vc_column][\/vc_row][vc_row][vc_column width=&#8221;1\/6&#8243;][\/vc_column][vc_column width=&#8221;2\/3&#8243;][vc_tta_accordion][vc_tta_section title=&#8221;Site 100 % &#8216;responsive'&#8221; tab_id=&#8221;1532522545461-10c3907d-e4e5&#8243;][vc_column_text css=&#8221;&#8221;]Toutes nos conceptions sont enti\u00e8rement r\u00e9actives et compatibles avec tous les appareils, essayez nos d\u00e9mos vous-m\u00eame, rendez-vous sur <a href=\"https:\/\/kimarotec.net\">kimarotec.net<\/a>[\/vc_column_text][\/vc_tta_section][vc_tta_section title=&#8221;Booking System \/ Payment&#8221; tab_id=&#8221;1532636266342-2ae311c3-e651&#8243;][vc_column_text css=&#8221;&#8221;]Un processus de r\u00e9servation complet, de la recherche \u00e0 l&#8217;obtention d&#8217;une offre tarifaire, en passant par la validation et le paiement en ligne. R\u00e9servation simplifi\u00e9e et rapide en quelques clics\u00a0!<\/p>\n<p>Tous les paiements sont g\u00e9r\u00e9s par le plugin WooCommerce, vous permettant ainsi d&#8217;utiliser le syst\u00e8me de paiement de votre choix\u00a0: PayPal, esp\u00e8ces, CB.[\/vc_column_text][\/vc_tta_section][vc_tta_section title=&#8221;Comment payer mon site web ?&#8221; tab_id=&#8221;1532636634968-628eb5cf-aab5&#8243;][vc_column_text css=&#8221;&#8221;]Vous pouvez payer votre site web par PayPal ou par virement bancaire.<\/p>\n<p>D\u00e8s r\u00e9ception de votre paiement, nous commencerons la cr\u00e9ation de votre site web (nous vous demanderons vos coordonn\u00e9es ult\u00e9rieurement).[\/vc_column_text][\/vc_tta_section][vc_tta_section title=&#8221;C&#8217;est une seule paiement ?&#8221; tab_id=&#8221;1604746947644-bdff1c64-8790&#8243;][vc_column_text css=&#8221;&#8221;]Non, vous devrez payer un abonnement annuel pour l&#8217;assistance et les mises \u00e0 jour n\u00e9cessaires \u00e0 l&#8217;utilisation de nos produits.<\/p>\n<p>90 euros par an[\/vc_column_text][\/vc_tta_section][vc_tta_section title=&#8221;J&#8217;ai besoin d&#8217;un domaine et d&#8217;un h\u00e9bergement ?&#8221; tab_id=&#8221;1532636670101-5579d803-f47c&#8221;][vc_column_text css=&#8221;&#8221;]Yes you need a good quality hosting and domain name to run the website<br \/>\nOur Recommendation for the hosting :<br \/>\n<a href=\"https:\/\/www.infomaniak.com\/goto\/en\/hosting.classic?utm_term=5ee015de13e01\"><br \/>\ninfomaniak.com<br \/>\n<\/a><br \/>\n<a href=\"https:\/\/www.infomaniak.com\/goto\/en\/hosting.classic?utm_term=5ee015de13e01\"><br \/>\n<img loading=\"lazy\" decoding=\"async\" class=\"alignnone wp-image-2231\" src=\"http:\/\/beta.kimarotec.net\/wp-content\/uploads\/2020\/11\/infomaniak-hosting.png\" alt=\"infomaniak-hosting\" width=\"343\" height=\"148\" srcset=\"https:\/\/kimarotec.net\/wp-content\/uploads\/2020\/11\/infomaniak-hosting.png 2550w, https:\/\/kimarotec.net\/wp-content\/uploads\/2020\/11\/infomaniak-hosting-600x259.png 600w\" sizes=\"auto, (max-width: 343px) 100vw, 343px\" \/><br \/>\n<\/a><\/p>\n<p>&nbsp;<\/p>\n<p>Ou sur OVH :<\/p>\n<p>https:\/\/ovh.com\/[\/vc_column_text][\/vc_tta_section][vc_tta_section title=&#8221;Comment commen\u00e7ons-nous ?&#8221; tab_id=&#8221;1532636760718-1238ff0e-b729&#8243;][vc_column_text css=&#8221;&#8221;]C&#8217;est facile<\/p>\n<ol>\n<li>1- Choisissez l&#8217;un de nos designs<\/li>\n<li>2- Ajoutez le nom de domaine souhait\u00e9<\/li>\n<li>3- Finalisez la commande<\/li>\n<li>4- Nous vous contacterons sous quelques minutes (2 heures maximum)<\/li>\n<li>5- Nous commen\u00e7ons votre projet<\/li>\n<li>6- 48 heures et c&#8217;est pr\u00eat<\/li>\n<\/ol>\n<p>Voil\u00e0\u00a0! N&#8217;h\u00e9sitez pas \u00e0 nous contacter pour plus d&#8217;informations.[\/vc_column_text][\/vc_tta_section][vc_tta_section title=&#8221;Je veux changer la couleur de mon site Web&#8221; tab_id=&#8221;1532636754034-5a7696b2-99e1&#8243;][vc_column_text]Yes we can do it for free[\/vc_column_text][\/vc_tta_section][\/vc_tta_accordion][\/vc_column][vc_column width=&#8221;1\/6&#8243;][\/vc_column][\/vc_row][vc_row][vc_column][vc_empty_space height=&#8221;35px&#8221;][\/vc_column][\/vc_row]<\/p>\n<\/div>","protected":false},"excerpt":{"rendered":"<p>[vc_row][vc_column][vc_empty_space height=&#8221;35px&#8221;][\/vc_column][\/vc_row][vc_row][vc_column width=&#8221;1\/6&#8243;][\/vc_column][vc_column width=&#8221;2\/3&#8243;][vc_tta_accordion][vc_tta_section title=&#8221;Site 100 % &#8216;responsive&#8217;&#8221; tab_id=&#8221;1532522545461-10c3907d-e4e5&#8243;][vc_column_text css=&#8221;&#8221;]Toutes nos conceptions sont enti\u00e8rement r\u00e9actives et compatibles avec tous les appareils, essayez nos d\u00e9mos vous-m\u00eame, rendez-vous sur kimarotec.net[\/vc_column_text][\/vc_tta_section][vc_tta_section title=&#8221;Booking System \/ Payment&#8221; tab_id=&#8221;1532636266342-2ae311c3-e651&#8243;][vc_column_text css=&#8221;&#8221;]Un processus de r\u00e9servation complet, de la recherche \u00e0 l&#8217;obtention d&#8217;une offre tarifaire, en passant par la validation et le paiement en [&hellip;]<\/p>\n","protected":false},"author":4,"featured_media":0,"parent":0,"menu_order":0,"comment_status":"closed","ping_status":"closed","template":"","meta":{"_joinchat":[],"footnotes":""},"class_list":["post-2630","page","type-page","status-publish","hentry"],"yoast_head":"<!-- This site is optimized with the Yoast SEO plugin v27.4 - https:\/\/yoast.com\/product\/yoast-seo-wordpress\/ -->\n<title>Questions de pr\u00e9-vente - KimaroTec<\/title>\n<meta name=\"robots\" content=\"index, follow, max-snippet:-1, max-image-preview:large, max-video-preview:-1\" \/>\n<link rel=\"canonical\" href=\"https:\/\/kimarotec.net\/fr\/questions-de-pre-vente\/\" \/>\n<meta property=\"og:locale\" content=\"fr_FR\" \/>\n<meta property=\"og:type\" content=\"article\" \/>\n<meta property=\"og:title\" content=\"Questions de pr\u00e9-vente - KimaroTec\" \/>\n<meta property=\"og:description\" content=\"[vc_row][vc_column][vc_empty_space height=&#8221;35px&#8221;][\/vc_column][\/vc_row][vc_row][vc_column width=&#8221;1\/6&#8243;][\/vc_column][vc_column width=&#8221;2\/3&#8243;][vc_tta_accordion][vc_tta_section title=&#8221;Site 100 % &#8216;responsive&#039;&#8221; tab_id=&#8221;1532522545461-10c3907d-e4e5&#8243;][vc_column_text css=&#8221;&#8221;]Toutes nos conceptions sont enti\u00e8rement r\u00e9actives et compatibles avec tous les appareils, essayez nos d\u00e9mos vous-m\u00eame, rendez-vous sur kimarotec.net[\/vc_column_text][\/vc_tta_section][vc_tta_section title=&#8221;Booking System \/ Payment&#8221; tab_id=&#8221;1532636266342-2ae311c3-e651&#8243;][vc_column_text css=&#8221;&#8221;]Un processus de r\u00e9servation complet, de la recherche \u00e0 l&#8217;obtention d&#8217;une offre tarifaire, en passant par la validation et le paiement en [&hellip;]\" \/>\n<meta property=\"og:url\" content=\"https:\/\/kimarotec.net\/fr\/questions-de-pre-vente\/\" \/>\n<meta property=\"og:site_name\" content=\"KimaroTec\" \/>\n<meta property=\"article:publisher\" content=\"https:\/\/web.facebook.com\/kimaroTec\/\" \/>\n<meta property=\"article:modified_time\" content=\"2025-05-19T10:36:50+00:00\" \/>\n<meta property=\"og:image\" content=\"https:\/\/kimarotec.net\/wp-content\/uploads\/2020\/11\/infomaniak-hosting.png\" \/>\n\t<meta property=\"og:image:width\" content=\"2550\" \/>\n\t<meta property=\"og:image:height\" content=\"1102\" \/>\n\t<meta property=\"og:image:type\" content=\"image\/png\" \/>\n<meta name=\"twitter:card\" content=\"summary_large_image\" \/>\n<meta name=\"twitter:label1\" content=\"Dur\u00e9e de lecture estim\u00e9e\" \/>\n\t<meta name=\"twitter:data1\" content=\"2 minutes\" \/>\n<!-- \/ Yoast SEO plugin. -->","yoast_head_json":{"title":"Questions de pr\u00e9-vente - KimaroTec","robots":{"index":"index","follow":"follow","max-snippet":"max-snippet:-1","max-image-preview":"max-image-preview:large","max-video-preview":"max-video-preview:-1"},"canonical":"https:\/\/kimarotec.net\/fr\/questions-de-pre-vente\/","og_locale":"fr_FR","og_type":"article","og_title":"Questions de pr\u00e9-vente - KimaroTec","og_description":"[vc_row][vc_column][vc_empty_space height=&#8221;35px&#8221;][\/vc_column][\/vc_row][vc_row][vc_column width=&#8221;1\/6&#8243;][\/vc_column][vc_column width=&#8221;2\/3&#8243;][vc_tta_accordion][vc_tta_section title=&#8221;Site 100 % &#8216;responsive'&#8221; tab_id=&#8221;1532522545461-10c3907d-e4e5&#8243;][vc_column_text css=&#8221;&#8221;]Toutes nos conceptions sont enti\u00e8rement r\u00e9actives et compatibles avec tous les appareils, essayez nos d\u00e9mos vous-m\u00eame, rendez-vous sur kimarotec.net[\/vc_column_text][\/vc_tta_section][vc_tta_section title=&#8221;Booking System \/ Payment&#8221; tab_id=&#8221;1532636266342-2ae311c3-e651&#8243;][vc_column_text css=&#8221;&#8221;]Un processus de r\u00e9servation complet, de la recherche \u00e0 l&#8217;obtention d&#8217;une offre tarifaire, en passant par la validation et le paiement en [&hellip;]","og_url":"https:\/\/kimarotec.net\/fr\/questions-de-pre-vente\/","og_site_name":"KimaroTec","article_publisher":"https:\/\/web.facebook.com\/kimaroTec\/","article_modified_time":"2025-05-19T10:36:50+00:00","og_image":[{"width":2550,"height":1102,"url":"https:\/\/kimarotec.net\/wp-content\/uploads\/2020\/11\/infomaniak-hosting.png","type":"image\/png"}],"twitter_card":"summary_large_image","twitter_misc":{"Dur\u00e9e de lecture estim\u00e9e":"2 minutes"},"schema":{"@context":"https:\/\/schema.org","@graph":[{"@type":"WebPage","@id":"https:\/\/kimarotec.net\/fr\/questions-de-pre-vente\/","url":"https:\/\/kimarotec.net\/fr\/questions-de-pre-vente\/","name":"Questions de pr\u00e9-vente - KimaroTec","isPartOf":{"@id":"https:\/\/kimarotec.net\/#website"},"primaryImageOfPage":{"@id":"https:\/\/kimarotec.net\/fr\/questions-de-pre-vente\/#primaryimage"},"image":{"@id":"https:\/\/kimarotec.net\/fr\/questions-de-pre-vente\/#primaryimage"},"thumbnailUrl":"http:\/\/beta.kimarotec.net\/wp-content\/uploads\/2020\/11\/infomaniak-hosting.png","datePublished":"2020-11-29T19:17:11+00:00","dateModified":"2025-05-19T10:36:50+00:00","breadcrumb":{"@id":"https:\/\/kimarotec.net\/fr\/questions-de-pre-vente\/#breadcrumb"},"inLanguage":"fr-FR","potentialAction":[{"@type":"ReadAction","target":["https:\/\/kimarotec.net\/fr\/questions-de-pre-vente\/"]}]},{"@type":"ImageObject","inLanguage":"fr-FR","@id":"https:\/\/kimarotec.net\/fr\/questions-de-pre-vente\/#primaryimage","url":"http:\/\/beta.kimarotec.net\/wp-content\/uploads\/2020\/11\/infomaniak-hosting.png","contentUrl":"http:\/\/beta.kimarotec.net\/wp-content\/uploads\/2020\/11\/infomaniak-hosting.png"},{"@type":"BreadcrumbList","@id":"https:\/\/kimarotec.net\/fr\/questions-de-pre-vente\/#breadcrumb","itemListElement":[{"@type":"ListItem","position":1,"name":"Home","item":"https:\/\/kimarotec.net\/fr\/"},{"@type":"ListItem","position":2,"name":"Questions de pr\u00e9-vente"}]},{"@type":"WebSite","@id":"https:\/\/kimarotec.net\/#website","url":"https:\/\/kimarotec.net\/","name":"KimaroTec","description":"Your VTC &amp; TAXI website in 48 hours","publisher":{"@id":"https:\/\/kimarotec.net\/#organization"},"potentialAction":[{"@type":"SearchAction","target":{"@type":"EntryPoint","urlTemplate":"https:\/\/kimarotec.net\/?s={search_term_string}"},"query-input":{"@type":"PropertyValueSpecification","valueRequired":true,"valueName":"search_term_string"}}],"inLanguage":"fr-FR"},{"@type":"Organization","@id":"https:\/\/kimarotec.net\/#organization","name":"Kimarotec","url":"https:\/\/kimarotec.net\/","logo":{"@type":"ImageObject","inLanguage":"fr-FR","@id":"https:\/\/kimarotec.net\/#\/schema\/logo\/image\/","url":"https:\/\/kimarotec.net\/wp-content\/uploads\/2017\/04\/logo.png","contentUrl":"https:\/\/kimarotec.net\/wp-content\/uploads\/2017\/04\/logo.png","width":175,"height":45,"caption":"Kimarotec"},"image":{"@id":"https:\/\/kimarotec.net\/#\/schema\/logo\/image\/"},"sameAs":["https:\/\/web.facebook.com\/kimaroTec\/"]}]}},"_links":{"self":[{"href":"https:\/\/kimarotec.net\/fr\/wp-json\/wp\/v2\/pages\/2630","targetHints":{"allow":["GET"]}}],"collection":[{"href":"https:\/\/kimarotec.net\/fr\/wp-json\/wp\/v2\/pages"}],"about":[{"href":"https:\/\/kimarotec.net\/fr\/wp-json\/wp\/v2\/types\/page"}],"author":[{"embeddable":true,"href":"https:\/\/kimarotec.net\/fr\/wp-json\/wp\/v2\/users\/4"}],"replies":[{"embeddable":true,"href":"https:\/\/kimarotec.net\/fr\/wp-json\/wp\/v2\/comments?post=2630"}],"version-history":[{"count":4,"href":"https:\/\/kimarotec.net\/fr\/wp-json\/wp\/v2\/pages\/2630\/revisions"}],"predecessor-version":[{"id":3326,"href":"https:\/\/kimarotec.net\/fr\/wp-json\/wp\/v2\/pages\/2630\/revisions\/3326"}],"wp:attachment":[{"href":"https:\/\/kimarotec.net\/fr\/wp-json\/wp\/v2\/media?parent=2630"}],"curies":[{"name":"wp","href":"https:\/\/api.w.org\/{rel}","templated":true}]}}